{"id":2132,"date":"2025-08-24T03:16:51","date_gmt":"2025-08-24T00:16:51","guid":{"rendered":"https:\/\/bk-casino-bet.top\/?page_id=2132"},"modified":"2025-08-24T03:35:36","modified_gmt":"2025-08-24T00:35:36","slug":"main-tr","status":"publish","type":"page","link":"https:\/\/bk-casino-bet.top\/tr\/","title":{"rendered":"MAIN TR"},"content":{"rendered":"","protected":false},"excerpt":{"rendered":"","protected":false},"author":1,"featured_media":0,"parent":0,"menu_order":0,"comment_status":"closed","ping_status":"closed","template":"home-new.php","meta":{"_acf_changed":false,"footnotes":""},"class_list":["post-2132","page","type-page","status-publish","hentry"],"acf":[],"yoast_head":"<!-- This site is optimized with the Yoast SEO plugin v26.8 - https:\/\/yoast.com\/product\/yoast-seo-wordpress\/ -->\n<title>T\u00fcrkiye&#039;de 1xBet - G\u00fcn\u00fcn Her Saatinde G\u00fcvenli Spor Bahisleri<\/title>\n<meta name=\"description\" content=\"T\u00fcrkiye&#039;de 1xBet, kolay kullan\u0131m sunan aray\u00fcz\u00fc ve geni\u015f \u00f6zellikleriyle \u00f6ne \u00e7\u0131kar. Canl\u0131 ya da ma\u00e7 \u00f6ncesi bahis yapabilir, her zaman y\u00fcksek oranlardan yararlanabilirsin.\" \/>\n<meta name=\"robots\" content=\"index, follow, max-snippet:-1, max-image-preview:large, max-video-preview:-1\" \/>\n<link rel=\"canonical\" href=\"https:\/\/bk-casino-bet.top\/tr\/\" \/>\n<meta property=\"og:locale\" content=\"ru_RU\" \/>\n<meta property=\"og:type\" content=\"article\" \/>\n<meta property=\"og:title\" content=\"T\u00fcrkiye&#039;de 1xBet - G\u00fcn\u00fcn Her Saatinde G\u00fcvenli Spor Bahisleri\" \/>\n<meta property=\"og:description\" content=\"T\u00fcrkiye&#039;de 1xBet, kolay kullan\u0131m sunan aray\u00fcz\u00fc ve geni\u015f \u00f6zellikleriyle \u00f6ne \u00e7\u0131kar. Canl\u0131 ya da ma\u00e7 \u00f6ncesi bahis yapabilir, her zaman y\u00fcksek oranlardan yararlanabilirsin.\" \/>\n<meta property=\"og:url\" content=\"https:\/\/bk-casino-bet.top\/tr\/\" \/>\n<meta property=\"og:site_name\" content=\"bk-casino-bet.top\" \/>\n<meta property=\"article:modified_time\" content=\"2025-08-24T00:35:36+00:00\" \/>\n<meta name=\"twitter:card\" content=\"summary_large_image\" \/>\n<script type=\"application\/ld+json\" class=\"yoast-schema-graph\">{\"@context\":\"https:\/\/schema.org\",\"@graph\":[{\"@type\":\"WebPage\",\"@id\":\"https:\/\/bk-casino-bet.top\/tr\/\",\"url\":\"https:\/\/bk-casino-bet.top\/tr\/\",\"name\":\"T\u00fcrkiye'de 1xBet - G\u00fcn\u00fcn Her Saatinde G\u00fcvenli Spor Bahisleri\",\"isPartOf\":{\"@id\":\"https:\/\/bk-casino-bet.top\/#website\"},\"datePublished\":\"2025-08-24T00:16:51+00:00\",\"dateModified\":\"2025-08-24T00:35:36+00:00\",\"description\":\"T\u00fcrkiye'de 1xBet, kolay kullan\u0131m sunan aray\u00fcz\u00fc ve geni\u015f \u00f6zellikleriyle \u00f6ne \u00e7\u0131kar. Canl\u0131 ya da ma\u00e7 \u00f6ncesi bahis yapabilir, her zaman y\u00fcksek oranlardan yararlanabilirsin.\",\"breadcrumb\":{\"@id\":\"https:\/\/bk-casino-bet.top\/tr\/#breadcrumb\"},\"inLanguage\":\"ru-RU\",\"potentialAction\":[{\"@type\":\"ReadAction\",\"target\":[\"https:\/\/bk-casino-bet.top\/tr\/\"]}]},{\"@type\":\"BreadcrumbList\",\"@id\":\"https:\/\/bk-casino-bet.top\/tr\/#breadcrumb\",\"itemListElement\":[{\"@type\":\"ListItem\",\"position\":1,\"name\":\"\u0413\u043b\u0430\u0432\u043d\u0430\u044f \u0441\u0442\u0440\u0430\u043d\u0438\u0446\u0430\",\"item\":\"https:\/\/bk-casino-bet.top\/\"},{\"@type\":\"ListItem\",\"position\":2,\"name\":\"MAIN TR\"}]},{\"@type\":\"WebSite\",\"@id\":\"https:\/\/bk-casino-bet.top\/#website\",\"url\":\"https:\/\/bk-casino-bet.top\/\",\"name\":\"bk-casino-bet.top\",\"description\":\"\",\"potentialAction\":[{\"@type\":\"SearchAction\",\"target\":{\"@type\":\"EntryPoint\",\"urlTemplate\":\"https:\/\/bk-casino-bet.top\/?s={search_term_string}\"},\"query-input\":{\"@type\":\"PropertyValueSpecification\",\"valueRequired\":true,\"valueName\":\"search_term_string\"}}],\"inLanguage\":\"ru-RU\"}]}<\/script>\n<!-- \/ Yoast SEO plugin. -->","yoast_head_json":{"title":"T\u00fcrkiye'de 1xBet - G\u00fcn\u00fcn Her Saatinde G\u00fcvenli Spor Bahisleri","description":"T\u00fcrkiye'de 1xBet, kolay kullan\u0131m sunan aray\u00fcz\u00fc ve geni\u015f \u00f6zellikleriyle \u00f6ne \u00e7\u0131kar. Canl\u0131 ya da ma\u00e7 \u00f6ncesi bahis yapabilir, her zaman y\u00fcksek oranlardan yararlanabilirsin.","robots":{"index":"index","follow":"follow","max-snippet":"max-snippet:-1","max-image-preview":"max-image-preview:large","max-video-preview":"max-video-preview:-1"},"canonical":"https:\/\/bk-casino-bet.top\/tr\/","og_locale":"ru_RU","og_type":"article","og_title":"T\u00fcrkiye'de 1xBet - G\u00fcn\u00fcn Her Saatinde G\u00fcvenli Spor Bahisleri","og_description":"T\u00fcrkiye'de 1xBet, kolay kullan\u0131m sunan aray\u00fcz\u00fc ve geni\u015f \u00f6zellikleriyle \u00f6ne \u00e7\u0131kar. Canl\u0131 ya da ma\u00e7 \u00f6ncesi bahis yapabilir, her zaman y\u00fcksek oranlardan yararlanabilirsin.","og_url":"https:\/\/bk-casino-bet.top\/tr\/","og_site_name":"bk-casino-bet.top","article_modified_time":"2025-08-24T00:35:36+00:00","twitter_card":"summary_large_image","schema":{"@context":"https:\/\/schema.org","@graph":[{"@type":"WebPage","@id":"https:\/\/bk-casino-bet.top\/tr\/","url":"https:\/\/bk-casino-bet.top\/tr\/","name":"T\u00fcrkiye'de 1xBet - G\u00fcn\u00fcn Her Saatinde G\u00fcvenli Spor Bahisleri","isPartOf":{"@id":"https:\/\/bk-casino-bet.top\/#website"},"datePublished":"2025-08-24T00:16:51+00:00","dateModified":"2025-08-24T00:35:36+00:00","description":"T\u00fcrkiye'de 1xBet, kolay kullan\u0131m sunan aray\u00fcz\u00fc ve geni\u015f \u00f6zellikleriyle \u00f6ne \u00e7\u0131kar. Canl\u0131 ya da ma\u00e7 \u00f6ncesi bahis yapabilir, her zaman y\u00fcksek oranlardan yararlanabilirsin.","breadcrumb":{"@id":"https:\/\/bk-casino-bet.top\/tr\/#breadcrumb"},"inLanguage":"ru-RU","potentialAction":[{"@type":"ReadAction","target":["https:\/\/bk-casino-bet.top\/tr\/"]}]},{"@type":"BreadcrumbList","@id":"https:\/\/bk-casino-bet.top\/tr\/#breadcrumb","itemListElement":[{"@type":"ListItem","position":1,"name":"\u0413\u043b\u0430\u0432\u043d\u0430\u044f \u0441\u0442\u0440\u0430\u043d\u0438\u0446\u0430","item":"https:\/\/bk-casino-bet.top\/"},{"@type":"ListItem","position":2,"name":"MAIN TR"}]},{"@type":"WebSite","@id":"https:\/\/bk-casino-bet.top\/#website","url":"https:\/\/bk-casino-bet.top\/","name":"bk-casino-bet.top","description":"","potentialAction":[{"@type":"SearchAction","target":{"@type":"EntryPoint","urlTemplate":"https:\/\/bk-casino-bet.top\/?s={search_term_string}"},"query-input":{"@type":"PropertyValueSpecification","valueRequired":true,"valueName":"search_term_string"}}],"inLanguage":"ru-RU"}]}},"amp_enabled":true,"_links":{"self":[{"href":"https:\/\/bk-casino-bet.top\/wp-json\/wp\/v2\/pages\/2132","targetHints":{"allow":["GET"]}}],"collection":[{"href":"https:\/\/bk-casino-bet.top\/wp-json\/wp\/v2\/pages"}],"about":[{"href":"https:\/\/bk-casino-bet.top\/wp-json\/wp\/v2\/types\/page"}],"author":[{"embeddable":true,"href":"https:\/\/bk-casino-bet.top\/wp-json\/wp\/v2\/users\/1"}],"replies":[{"embeddable":true,"href":"https:\/\/bk-casino-bet.top\/wp-json\/wp\/v2\/comments?post=2132"}],"version-history":[{"count":5,"href":"https:\/\/bk-casino-bet.top\/wp-json\/wp\/v2\/pages\/2132\/revisions"}],"predecessor-version":[{"id":2142,"href":"https:\/\/bk-casino-bet.top\/wp-json\/wp\/v2\/pages\/2132\/revisions\/2142"}],"wp:attachment":[{"href":"https:\/\/bk-casino-bet.top\/wp-json\/wp\/v2\/media?parent=2132"}],"curies":[{"name":"wp","href":"https:\/\/api.w.org\/{rel}","templated":true}]}}